{"id":25,"date":"2013-03-28T18:09:37","date_gmt":"2013-03-28T18:09:37","guid":{"rendered":"http:\/\/siefor.com.br\/site\/?page_id=25"},"modified":"2023-07-14T18:18:14","modified_gmt":"2023-07-14T18:18:14","slug":"sobre-a-ecliente","status":"publish","type":"page","link":"https:\/\/siefor.com.br\/site\/sobre-a-ecliente\/","title":{"rendered":"Quem somos"},"content":{"rendered":"<p style=\"text-align: left;\"><img fetchpriority=\"high\" decoding=\"async\" class=\"size-medium wp-image-1341 alignleft\" src=\"https:\/\/siefor.com.br\/site\/wp-content\/uploads\/2023\/03\/siefor-sistema-para-formaturas-e-eventos-300x169.jpg\" alt=\"\" width=\"300\" height=\"169\" srcset=\"https:\/\/siefor.com.br\/site\/wp-content\/uploads\/2023\/03\/siefor-sistema-para-formaturas-e-eventos-300x169.jpg 300w, https:\/\/siefor.com.br\/site\/wp-content\/uploads\/2023\/03\/siefor-sistema-para-formaturas-e-eventos-1024x576.jpg 1024w, https:\/\/siefor.com.br\/site\/wp-content\/uploads\/2023\/03\/siefor-sistema-para-formaturas-e-eventos-768x432.jpg 768w, https:\/\/siefor.com.br\/site\/wp-content\/uploads\/2023\/03\/siefor-sistema-para-formaturas-e-eventos.jpg 1346w\" sizes=\"(max-width: 300px) 100vw, 300px\" \/>Fundada em 2006, a <strong><em>eCliente <\/em><\/strong>\u00e9 uma empresa com grande experi\u00eancia na \u00e1rea de <strong>desenvolvimento de sistemas<\/strong>, formada por uma equipe qualificada e comprometida com <strong>seus clientes<\/strong>.<\/p>\n<p>Sua equipe \u00e9 formada por profissionais graduados, especialistas e mestres nas \u00e1reas de sistemas, ci\u00eancia da computa\u00e7\u00e3o e comunica\u00e7\u00e3o.<\/p>\n<p>Com\u00a0sede na cidade de Piracicaba e atuando em todas as regi\u00f5es do Brasil, a eCliente atende empresas de pequeno, m\u00e9dio e grande porte, incluindo Multi-Nacionais e Universidades.<\/p>\n<p><img decoding=\"async\" class=\"size-medium wp-image-674 alignright\" src=\"https:\/\/siefor.com.br\/site\/wp-content\/uploads\/2019\/11\/6Fuckup-95-300x200.jpg\" alt=\"\" width=\"300\" height=\"200\" srcset=\"https:\/\/siefor.com.br\/site\/wp-content\/uploads\/2019\/11\/6Fuckup-95-300x200.jpg 300w, https:\/\/siefor.com.br\/site\/wp-content\/uploads\/2019\/11\/6Fuckup-95-768x513.jpg 768w, https:\/\/siefor.com.br\/site\/wp-content\/uploads\/2019\/11\/6Fuckup-95-1024x680.jpg 1024w, https:\/\/siefor.com.br\/site\/wp-content\/uploads\/2019\/11\/6Fuckup-95.jpg 1134w\" sizes=\"(max-width: 300px) 100vw, 300px\" \/>A hist\u00f3ria da eCliente com a \u00e1rea de <strong>formaturas<\/strong> e eventos come\u00e7ou em 2008 quando criou o portal \u201c<a href=\"http:\/\/ecliente2.com.br\/site\/?p=674\">Nossa Formatura<\/a>\u201d. Era uma rede social que permitia aos alunos gerenciarem toda a \u00e1rea financeira da festa de formatura, dando transpar\u00eancia na organiza\u00e7\u00e3o do evento e ajudando a comiss\u00e3o de formatura com a presta\u00e7\u00e3o de contas.<\/p>\n<p>Ap\u00f3s alguns meses, surgiu a oportunidade de levar o modelo do projeto para o ambiente corporativo, onde criamos o <strong>SIEFOR<\/strong>, que se tornou hoje um grande ERP para a gest\u00e3o completa de empresas da \u00e1rea.<\/p>\n<p>Dessa forma o SIEFOR vem desde <strong>2011<\/strong> se destacando principalmente pelo alto n\u00edvel de <strong>qualidade em seu suporte t\u00e9cnico<\/strong> e na rapidez no atendimento a novos recursos.<\/p>\n<p><img decoding=\"async\" class=\"size-medium wp-image-675 alignleft\" src=\"https:\/\/siefor.com.br\/site\/wp-content\/uploads\/2019\/11\/sistema-de-eventos-e-formaturas-300x199.jpg\" alt=\"\" width=\"300\" height=\"199\" srcset=\"https:\/\/siefor.com.br\/site\/wp-content\/uploads\/2019\/11\/sistema-de-eventos-e-formaturas-300x199.jpg 300w, https:\/\/siefor.com.br\/site\/wp-content\/uploads\/2019\/11\/sistema-de-eventos-e-formaturas-768x510.jpg 768w, https:\/\/siefor.com.br\/site\/wp-content\/uploads\/2019\/11\/sistema-de-eventos-e-formaturas-1024x680.jpg 1024w, https:\/\/siefor.com.br\/site\/wp-content\/uploads\/2019\/11\/sistema-de-eventos-e-formaturas.jpg 1140w\" sizes=\"(max-width: 300px) 100vw, 300px\" \/>Hoje estamos presentes em dezenas de empresas de formaturas e eventos no Brasil, com integra\u00e7\u00e3o com outros grandes ERPs de Gest\u00e3o, al\u00e9m de uma plataforma especializada em pagamentos chamada IUGU.<\/p>\n<p>Al\u00e9m disso, a eCliente j\u00e1 participou de eventos como o F\u00f3rum Nacional de Empresas de Formatura, a convite da Revista Fhox, onde pudemos apresentar a experi\u00eancia da empresa nesta \u00e1rea e contribuir com informa\u00e7\u00f5es a respeito da \u00e1rea de sistemas.<\/p>\n<p>Tamb\u00e9m patrocina eventos como o Fuckup Night, voltado para o empreededorismo e eventos esportivos.<\/p>\n<p>Fale conosco, e conhe\u00e7a nosso trabalho!<\/p>\n<p style=\"text-align: justify;\">Veja algumas publica\u00e7\u00f5es:<\/p>\n<ul style=\"text-align: justify;\">\n<li><a href=\"http:\/\/ecliente2.com.br\/site\/?p=736\" target=\"_blank\" rel=\"noopener noreferrer\">Fotos do Evento Fotografar 2012: participa\u00e7\u00e3o da eCliente no F\u00f3rum Brasileiro de Empresas de Formatura<\/a><\/li>\n<li><a href=\"http:\/\/ecliente2.com.br\/site\/?p=674\" target=\"_blank\" rel=\"noopener noreferrer\">Projeto NOSSA FORMATURA \u00e9 assunto na revista FHOX<\/a><\/li>\n<li><a href=\"http:\/\/ecliente2.com.br\/site\/?p=847\" target=\"_blank\" rel=\"noopener noreferrer\">Revista fhox faz um balan\u00e7o sobre o F\u00f3rum de Fotografia<\/a><\/li>\n<\/ul>\n<p style=\"text-align: left;\"><img loading=\"lazy\" decoding=\"async\" class=\"size-medium wp-image-683 alignleft\" src=\"https:\/\/siefor.com.br\/site\/wp-content\/uploads\/2019\/11\/IMG_20191106_165145360-225x300.jpg\" alt=\"\" width=\"225\" height=\"300\" srcset=\"https:\/\/siefor.com.br\/site\/wp-content\/uploads\/2019\/11\/IMG_20191106_165145360-225x300.jpg 225w, https:\/\/siefor.com.br\/site\/wp-content\/uploads\/2019\/11\/IMG_20191106_165145360.jpg 568w\" sizes=\"(max-width: 225px) 100vw, 225px\" \/>Ah, e n\u00e3o podia deixar passar, ano passado ganhamos o direito de uso da marca SIEFOR. Esse processo foi encaminhado junto ao INPI e nos d\u00e1 o direito de uso da marca SIEFOR por uma d\u00e9cada!<\/p>\n<h4 style=\"text-align: left;\">A vis\u00e3o da eCliente \u00e9 <em><em>ser a facilitadora entre as tecnologias de sistemas e os neg\u00f3cios das empresas<\/em><\/em><em><em>.<\/em><\/em><\/h4>\n","protected":false},"excerpt":{"rendered":"<p>Fundada em 2006, a eCliente \u00e9 uma empresa com grande experi\u00eancia na \u00e1rea de desenvolvimento de sistemas, formada por uma equipe qualificada e comprometida com seus clientes. Sua equipe \u00e9 formada por profissionais graduados, especialistas e mestres nas \u00e1reas de sistemas, ci\u00eancia da computa\u00e7\u00e3o e comunica\u00e7\u00e3o. Com\u00a0sede na cidade de Piracicaba e atuando em todas [&hellip;]<\/p>\n","protected":false},"author":3,"featured_media":0,"parent":0,"menu_order":0,"comment_status":"open","ping_status":"closed","template":"","meta":{"_acf_changed":false,"footnotes":""},"class_list":["post-25","page","type-page","status-publish","hentry"],"acf":[],"yoast_head":"<!-- This site is optimized with the Yoast SEO plugin v27.5 - https:\/\/yoast.com\/product\/yoast-seo-wordpress\/ -->\n<title>Quem somos - SIEFOR - Software para Formaturas e Eventos<\/title>\n<meta name=\"robots\" content=\"index, follow, max-snippet:-1, max-image-preview:large, max-video-preview:-1\" \/>\n<link rel=\"canonical\" href=\"https:\/\/siefor.com.br\/site\/sobre-a-ecliente\/\" \/>\n<meta property=\"og:locale\" content=\"pt_BR\" \/>\n<meta property=\"og:type\" content=\"article\" \/>\n<meta property=\"og:title\" content=\"Quem somos - SIEFOR - Software para Formaturas e Eventos\" \/>\n<meta property=\"og:description\" content=\"Fundada em 2006, a eCliente \u00e9 uma empresa com grande experi\u00eancia na \u00e1rea de desenvolvimento de sistemas, formada por uma equipe qualificada e comprometida com seus clientes. Sua equipe \u00e9 formada por profissionais graduados, especialistas e mestres nas \u00e1reas de sistemas, ci\u00eancia da computa\u00e7\u00e3o e comunica\u00e7\u00e3o. Com\u00a0sede na cidade de Piracicaba e atuando em todas [&hellip;]\" \/>\n<meta property=\"og:url\" content=\"https:\/\/siefor.com.br\/site\/sobre-a-ecliente\/\" \/>\n<meta property=\"og:site_name\" content=\"SIEFOR - Software para Formaturas e Eventos\" \/>\n<meta property=\"article:publisher\" content=\"https:\/\/www.facebook.com\/eventoseformaturas\" \/>\n<meta property=\"article:modified_time\" content=\"2023-07-14T18:18:14+00:00\" \/>\n<meta property=\"og:image\" content=\"https:\/\/siefor.com.br\/site\/wp-content\/uploads\/2023\/03\/siefor-sistema-para-formaturas-e-eventos-300x169.jpg\" \/>\n<meta name=\"twitter:label1\" content=\"Est. tempo de leitura\" \/>\n\t<meta name=\"twitter:data1\" content=\"3 minutos\" \/>\n<script type=\"application\/ld+json\" class=\"yoast-schema-graph\">{\"@context\":\"https:\\\/\\\/schema.org\",\"@graph\":[{\"@type\":\"WebPage\",\"@id\":\"https:\\\/\\\/siefor.com.br\\\/site\\\/sobre-a-ecliente\\\/\",\"url\":\"https:\\\/\\\/siefor.com.br\\\/site\\\/sobre-a-ecliente\\\/\",\"name\":\"Quem somos - SIEFOR - Software para Formaturas e Eventos\",\"isPartOf\":{\"@id\":\"https:\\\/\\\/siefor.com.br\\\/site\\\/#website\"},\"primaryImageOfPage\":{\"@id\":\"https:\\\/\\\/siefor.com.br\\\/site\\\/sobre-a-ecliente\\\/#primaryimage\"},\"image\":{\"@id\":\"https:\\\/\\\/siefor.com.br\\\/site\\\/sobre-a-ecliente\\\/#primaryimage\"},\"thumbnailUrl\":\"https:\\\/\\\/siefor.com.br\\\/site\\\/wp-content\\\/uploads\\\/2023\\\/03\\\/siefor-sistema-para-formaturas-e-eventos-300x169.jpg\",\"datePublished\":\"2013-03-28T18:09:37+00:00\",\"dateModified\":\"2023-07-14T18:18:14+00:00\",\"breadcrumb\":{\"@id\":\"https:\\\/\\\/siefor.com.br\\\/site\\\/sobre-a-ecliente\\\/#breadcrumb\"},\"inLanguage\":\"pt-BR\",\"potentialAction\":[{\"@type\":\"ReadAction\",\"target\":[\"https:\\\/\\\/siefor.com.br\\\/site\\\/sobre-a-ecliente\\\/\"]}]},{\"@type\":\"ImageObject\",\"inLanguage\":\"pt-BR\",\"@id\":\"https:\\\/\\\/siefor.com.br\\\/site\\\/sobre-a-ecliente\\\/#primaryimage\",\"url\":\"https:\\\/\\\/siefor.com.br\\\/site\\\/wp-content\\\/uploads\\\/2023\\\/03\\\/siefor-sistema-para-formaturas-e-eventos.jpg\",\"contentUrl\":\"https:\\\/\\\/siefor.com.br\\\/site\\\/wp-content\\\/uploads\\\/2023\\\/03\\\/siefor-sistema-para-formaturas-e-eventos.jpg\",\"width\":1346,\"height\":757},{\"@type\":\"BreadcrumbList\",\"@id\":\"https:\\\/\\\/siefor.com.br\\\/site\\\/sobre-a-ecliente\\\/#breadcrumb\",\"itemListElement\":[{\"@type\":\"ListItem\",\"position\":1,\"name\":\"In\u00edcio\",\"item\":\"https:\\\/\\\/siefor.com.br\\\/site\\\/\"},{\"@type\":\"ListItem\",\"position\":2,\"name\":\"Quem somos\"}]},{\"@type\":\"WebSite\",\"@id\":\"https:\\\/\\\/siefor.com.br\\\/site\\\/#website\",\"url\":\"https:\\\/\\\/siefor.com.br\\\/site\\\/\",\"name\":\"SIEFOR - Software para Formaturas e Eventos\",\"description\":\"Sistema de gest\u00e3o de eventos, software para eventos, formaturas e sal\u00f5es de festa.\",\"publisher\":{\"@id\":\"https:\\\/\\\/siefor.com.br\\\/site\\\/#organization\"},\"potentialAction\":[{\"@type\":\"SearchAction\",\"target\":{\"@type\":\"EntryPoint\",\"urlTemplate\":\"https:\\\/\\\/siefor.com.br\\\/site\\\/?s={search_term_string}\"},\"query-input\":{\"@type\":\"PropertyValueSpecification\",\"valueRequired\":true,\"valueName\":\"search_term_string\"}}],\"inLanguage\":\"pt-BR\"},{\"@type\":\"Organization\",\"@id\":\"https:\\\/\\\/siefor.com.br\\\/site\\\/#organization\",\"name\":\"SIEFOR - Software para Formaturas e Eventos\",\"url\":\"https:\\\/\\\/siefor.com.br\\\/site\\\/\",\"logo\":{\"@type\":\"ImageObject\",\"inLanguage\":\"pt-BR\",\"@id\":\"https:\\\/\\\/siefor.com.br\\\/site\\\/#\\\/schema\\\/logo\\\/image\\\/\",\"url\":\"https:\\\/\\\/siefor.com.br\\\/site\\\/wp-content\\\/uploads\\\/2021\\\/05\\\/siefor_LOGO-TAGLINE_cor-removebg-preview.png\",\"contentUrl\":\"https:\\\/\\\/siefor.com.br\\\/site\\\/wp-content\\\/uploads\\\/2021\\\/05\\\/siefor_LOGO-TAGLINE_cor-removebg-preview.png\",\"width\":793,\"height\":315,\"caption\":\"SIEFOR - Software para Formaturas e Eventos\"},\"image\":{\"@id\":\"https:\\\/\\\/siefor.com.br\\\/site\\\/#\\\/schema\\\/logo\\\/image\\\/\"},\"sameAs\":[\"https:\\\/\\\/www.facebook.com\\\/eventoseformaturas\",\"https:\\\/\\\/x.com\\\/paraformatura\",\"https:\\\/\\\/www.instagram.com\\\/siefor\\\/\"]}]}<\/script>\n<!-- \/ Yoast SEO plugin. -->","yoast_head_json":{"title":"Quem somos - SIEFOR - Software para Formaturas e Eventos","robots":{"index":"index","follow":"follow","max-snippet":"max-snippet:-1","max-image-preview":"max-image-preview:large","max-video-preview":"max-video-preview:-1"},"canonical":"https:\/\/siefor.com.br\/site\/sobre-a-ecliente\/","og_locale":"pt_BR","og_type":"article","og_title":"Quem somos - SIEFOR - Software para Formaturas e Eventos","og_description":"Fundada em 2006, a eCliente \u00e9 uma empresa com grande experi\u00eancia na \u00e1rea de desenvolvimento de sistemas, formada por uma equipe qualificada e comprometida com seus clientes. Sua equipe \u00e9 formada por profissionais graduados, especialistas e mestres nas \u00e1reas de sistemas, ci\u00eancia da computa\u00e7\u00e3o e comunica\u00e7\u00e3o. Com\u00a0sede na cidade de Piracicaba e atuando em todas [&hellip;]","og_url":"https:\/\/siefor.com.br\/site\/sobre-a-ecliente\/","og_site_name":"SIEFOR - Software para Formaturas e Eventos","article_publisher":"https:\/\/www.facebook.com\/eventoseformaturas","article_modified_time":"2023-07-14T18:18:14+00:00","og_image":[{"url":"https:\/\/siefor.com.br\/site\/wp-content\/uploads\/2023\/03\/siefor-sistema-para-formaturas-e-eventos-300x169.jpg","type":"","width":"","height":""}],"twitter_misc":{"Est. tempo de leitura":"3 minutos"},"schema":{"@context":"https:\/\/schema.org","@graph":[{"@type":"WebPage","@id":"https:\/\/siefor.com.br\/site\/sobre-a-ecliente\/","url":"https:\/\/siefor.com.br\/site\/sobre-a-ecliente\/","name":"Quem somos - SIEFOR - Software para Formaturas e Eventos","isPartOf":{"@id":"https:\/\/siefor.com.br\/site\/#website"},"primaryImageOfPage":{"@id":"https:\/\/siefor.com.br\/site\/sobre-a-ecliente\/#primaryimage"},"image":{"@id":"https:\/\/siefor.com.br\/site\/sobre-a-ecliente\/#primaryimage"},"thumbnailUrl":"https:\/\/siefor.com.br\/site\/wp-content\/uploads\/2023\/03\/siefor-sistema-para-formaturas-e-eventos-300x169.jpg","datePublished":"2013-03-28T18:09:37+00:00","dateModified":"2023-07-14T18:18:14+00:00","breadcrumb":{"@id":"https:\/\/siefor.com.br\/site\/sobre-a-ecliente\/#breadcrumb"},"inLanguage":"pt-BR","potentialAction":[{"@type":"ReadAction","target":["https:\/\/siefor.com.br\/site\/sobre-a-ecliente\/"]}]},{"@type":"ImageObject","inLanguage":"pt-BR","@id":"https:\/\/siefor.com.br\/site\/sobre-a-ecliente\/#primaryimage","url":"https:\/\/siefor.com.br\/site\/wp-content\/uploads\/2023\/03\/siefor-sistema-para-formaturas-e-eventos.jpg","contentUrl":"https:\/\/siefor.com.br\/site\/wp-content\/uploads\/2023\/03\/siefor-sistema-para-formaturas-e-eventos.jpg","width":1346,"height":757},{"@type":"BreadcrumbList","@id":"https:\/\/siefor.com.br\/site\/sobre-a-ecliente\/#breadcrumb","itemListElement":[{"@type":"ListItem","position":1,"name":"In\u00edcio","item":"https:\/\/siefor.com.br\/site\/"},{"@type":"ListItem","position":2,"name":"Quem somos"}]},{"@type":"WebSite","@id":"https:\/\/siefor.com.br\/site\/#website","url":"https:\/\/siefor.com.br\/site\/","name":"SIEFOR - Software para Formaturas e Eventos","description":"Sistema de gest\u00e3o de eventos, software para eventos, formaturas e sal\u00f5es de festa.","publisher":{"@id":"https:\/\/siefor.com.br\/site\/#organization"},"potentialAction":[{"@type":"SearchAction","target":{"@type":"EntryPoint","urlTemplate":"https:\/\/siefor.com.br\/site\/?s={search_term_string}"},"query-input":{"@type":"PropertyValueSpecification","valueRequired":true,"valueName":"search_term_string"}}],"inLanguage":"pt-BR"},{"@type":"Organization","@id":"https:\/\/siefor.com.br\/site\/#organization","name":"SIEFOR - Software para Formaturas e Eventos","url":"https:\/\/siefor.com.br\/site\/","logo":{"@type":"ImageObject","inLanguage":"pt-BR","@id":"https:\/\/siefor.com.br\/site\/#\/schema\/logo\/image\/","url":"https:\/\/siefor.com.br\/site\/wp-content\/uploads\/2021\/05\/siefor_LOGO-TAGLINE_cor-removebg-preview.png","contentUrl":"https:\/\/siefor.com.br\/site\/wp-content\/uploads\/2021\/05\/siefor_LOGO-TAGLINE_cor-removebg-preview.png","width":793,"height":315,"caption":"SIEFOR - Software para Formaturas e Eventos"},"image":{"@id":"https:\/\/siefor.com.br\/site\/#\/schema\/logo\/image\/"},"sameAs":["https:\/\/www.facebook.com\/eventoseformaturas","https:\/\/x.com\/paraformatura","https:\/\/www.instagram.com\/siefor\/"]}]}},"_links":{"self":[{"href":"https:\/\/siefor.com.br\/site\/wp-json\/wp\/v2\/pages\/25","targetHints":{"allow":["GET"]}}],"collection":[{"href":"https:\/\/siefor.com.br\/site\/wp-json\/wp\/v2\/pages"}],"about":[{"href":"https:\/\/siefor.com.br\/site\/wp-json\/wp\/v2\/types\/page"}],"author":[{"embeddable":true,"href":"https:\/\/siefor.com.br\/site\/wp-json\/wp\/v2\/users\/3"}],"replies":[{"embeddable":true,"href":"https:\/\/siefor.com.br\/site\/wp-json\/wp\/v2\/comments?post=25"}],"version-history":[{"count":16,"href":"https:\/\/siefor.com.br\/site\/wp-json\/wp\/v2\/pages\/25\/revisions"}],"predecessor-version":[{"id":1661,"href":"https:\/\/siefor.com.br\/site\/wp-json\/wp\/v2\/pages\/25\/revisions\/1661"}],"wp:attachment":[{"href":"https:\/\/siefor.com.br\/site\/wp-json\/wp\/v2\/media?parent=25"}],"curies":[{"name":"wp","href":"https:\/\/api.w.org\/{rel}","templated":true}]}}